{"id":403,"date":"2025-04-27T19:32:31","date_gmt":"2025-04-27T17:32:31","guid":{"rendered":"https:\/\/adultaffiliatetools.com\/xcams\/?page_id=403"},"modified":"2025-05-06T13:11:08","modified_gmt":"2025-05-06T11:11:08","slug":"xcams-affiliate-tools","status":"publish","type":"page","link":"https:\/\/adultaffiliatetools.com\/xcams\/","title":{"rendered":"XCAMS Affiliate Tools"},"content":{"rendered":"\n<p><strong>Le plugin \u00ab\u00a0XCAMS Affiliate Tools<\/strong>\u00a0\u00bb&nbsp;vous permet d&rsquo;int\u00e9grer rapidement des mod\u00e8les webcam sur vos pages, articles et widgets WordPress, avec un affichage optimis\u00e9 pour tous les appareils (desktop, mobile et tablette) avec un simple ShortCode.<\/p>\n\n\n\n<h2 class=\"wp-block-heading has-medium-font-size\">Avantage du Plugin<\/h2>\n\n\n\n<p><strong>Filtres de s\u00e9lection<\/strong>&nbsp;: origine (latin, african, european, arab), pays (FR, BE, NL, DE, ES, IT), langue (fr, en, nl, de, es, it), sexe (femmes, hommes, transsexuelles, couples), couleur des cheveux, couleur des yeux, taille de bonnet, tatouages, piercings, morphologie, style de pubis, f\u00e9tiches, signe astrologique, \u00e2ge minimum et maximum, type de chat (FREE, O2M, O2O).<\/p>\n\n\n\n<p><strong>Affichage avanc\u00e9<\/strong>&nbsp;: filtrage par statut (online\/offline), mise en avant ou exclusion de mod\u00e8les sp\u00e9cifiques, limitation du nombre de mod\u00e8les affich\u00e9s, affichage suppl\u00e9mentaire via un bouton \u00ab\u00a0Afficher Plus\u00a0\u00bb (AJAX), choix du format d&rsquo;image, affichage al\u00e9atoire des profils.<\/p>\n\n\n\n<form action=\"https:\/\/www.paypal.com\/cgi-bin\/webscr\" method=\"post\" target=\"_top\">\n  <input type=\"hidden\" name=\"cmd\" value=\"_s-xclick\" \/>\n  <input type=\"hidden\" name=\"hosted_button_id\" value=\"GBD25V3MRYPPC\" \/>\n  <input type=\"hidden\" name=\"currency_code\" value=\"EUR\" \/>\n  <p align=\"center\"><button type=\"submit\" style=\"background: #ffcc00; color: #000; padding: 12px 24px; font-size: 18px; border-radius: 12px; border: none; font-weight: bold; cursor: pointer; box-shadow: 0px 4px 10px rgba(0,0,0,0.3);\">\n    Acheter le Plugin \u2013 19\u20ac\n  <\/button><\/p>\n<\/form>\n\n<p style=\"font-size: 14px; color: #ccc; text-align: center; margin-top: 10px;\">\n  Apr\u00e8s votre paiement, vous serez automatiquement redirig\u00e9 vers la page de t\u00e9l\u00e9chargement du plugin.\n<\/p>\n\n\n\n<p class=\"has-text-align-center has-small-font-size\"><a href=\"https:\/\/adultaffiliatetools.com\/xcams\/xcams-affiliate-tools\/comment-installer-le-plugin\/\">Comment Installer le Plugin<\/a> &#8211; <a href=\"https:\/\/adultaffiliatetools.com\/xcams\/xcams-affiliate-tools\/comment-creer-des-shortcodes\/\">Cr\u00e9er des ShortCodes<\/a><\/p>\n\n\n\n<div style=\"margin-top: 20px; padding: 15px; background-color: #222; color: #fff; border-left: 4px solid #f1c40f;\">\n <small> <strong>Pourquoi 19\u20ac ?<\/strong><br>\n  Ce plugin, a \u00e9t\u00e9 d\u00e9velopp\u00e9 d\u2019abord pour mes propres projets. a demand\u00e9 <strong>des semaines de travail<\/strong> et quelques <strong>nuits blanches<\/strong>, \u00e0 tester, corriger et penser chaque d\u00e9tail et 19\u20ac c&rsquo;est pour ne pas le donner gratuitement !<br>\n  Il est compatible avec tous les th\u00e8mes WordPress, sans conflit CSS ou JS, et con\u00e7u pour durer.<\/small>\n\n<p style=\"color:#aaa; font-size: 0.95em; font-style: italic; margin-top: 20px;\">\n <small>Je ne travaille pas pour Xcams-Power. Je suis simplement un affili\u00e9, actif depuis les d\u00e9buts de la plateforme \u2014 \u00e0 l\u2019\u00e9poque o\u00f9 elle s\u2019appelait <strong>Enjoy.be<\/strong>.<\/small>\n<\/p>\n<\/div>\n\n\n\n<h2 class=\"wp-block-heading\">Exemple de ShortCodes<\/h2>\n\n\n<style>\n\/* Grille normale pour pages\/articles *\/\n.xat-grid {\n  display: grid;\n  grid-template-columns: repeat(auto-fill, minmax(160px, 1fr));\n  gap: 16px;\n  padding: 10px;\n  margin: 0 auto;\n}\n\n\/* Grille sp\u00e9ciale pour widget *\/\n.xat-grid-widget {\n  display: grid;\n  grid-template-columns: repeat(2, 1fr);\n  gap: 10px;\n  padding: 5px;\n  margin: 0 auto;\n}\n\n\/* Responsive mobile *\/\n@media screen and (max-width: 600px) {\n  .xat-grid,\n  .xat-grid-widget {\n    grid-template-columns: repeat(2, 1fr);\n  }\n}\n\n.xat-card { overflow: hidden; text-align: center; }\n.xat-card img { width: 100%; height: auto; display: block; }\n.xat-name { text-align: center; padding: 5px 0; }\n<\/style><div class='xat-grid'><div class='xat-card'>\n    <a href='https:\/\/www.xcams.com\/fr\/chat\/TeoRose\/?comfrom=623236&cf0=pc2&cfsa1=O180&cf2=Plugin_WP&cfsa2=AdultAffiliateTools' target='_blank'>\n    <img src='https:\/\/cams.images-dnxlive.com\/snapshots\/c238458_webcam_640x480.jpg' alt='TeoRose' style='border-radius: 6px;'>\n    <\/a>\n    <div class='xat-name'><a href='https:\/\/www.xcams.com\/fr\/chat\/TeoRose\/?comfrom=623236&cf0=pc2&cfsa1=O180&cf2=Plugin_WP&cfsa2=AdultAffiliateTools' target='_blank'>TeoRose<\/a><\/div>\n    <\/div><div class='xat-card'>\n    <a href='https:\/\/www.xcams.com\/fr\/chat\/LindaBree\/?comfrom=623236&cf0=pc2&cfsa1=O180&cf2=Plugin_WP&cfsa2=AdultAffiliateTools' target='_blank'>\n    <img src='https:\/\/cams.images-dnxlive.com\/snapshots\/c171815_webcam_640x480.jpg' alt='LindaBree' style='border-radius: 6px;'>\n    <\/a>\n    <div class='xat-name'><a href='https:\/\/www.xcams.com\/fr\/chat\/LindaBree\/?comfrom=623236&cf0=pc2&cfsa1=O180&cf2=Plugin_WP&cfsa2=AdultAffiliateTools' target='_blank'>LindaBree<\/a><\/div>\n    <\/div><div class='xat-card'>\n    <a href='https:\/\/www.xcams.com\/fr\/chat\/EmillyDiaz\/?comfrom=623236&cf0=pc2&cfsa1=O180&cf2=Plugin_WP&cfsa2=AdultAffiliateTools' target='_blank'>\n    <img src='https:\/\/cams.images-dnxlive.com\/snapshots\/c270879_webcam_640x480.jpg' alt='EmillyDiaz' style='border-radius: 6px;'>\n    <\/a>\n    <div class='xat-name'><a href='https:\/\/www.xcams.com\/fr\/chat\/EmillyDiaz\/?comfrom=623236&cf0=pc2&cfsa1=O180&cf2=Plugin_WP&cfsa2=AdultAffiliateTools' target='_blank'>EmillyDiaz<\/a><\/div>\n    <\/div><div class='xat-card'>\n    <a href='https:\/\/www.xcams.com\/fr\/chat\/Arishaa\/?comfrom=623236&cf0=pc2&cfsa1=O180&cf2=Plugin_WP&cfsa2=AdultAffiliateTools' target='_blank'>\n    <img src='https:\/\/cams.images-dnxlive.com\/snapshots\/c58989_webcam_640x480.jpg' alt='Arishaa' style='border-radius: 6px;'>\n    <\/a>\n    <div class='xat-name'><a href='https:\/\/www.xcams.com\/fr\/chat\/Arishaa\/?comfrom=623236&cf0=pc2&cfsa1=O180&cf2=Plugin_WP&cfsa2=AdultAffiliateTools' target='_blank'>Arishaa<\/a><\/div>\n    <\/div><\/div>\n\n\n\n<p><strong>Pour cr\u00e9er une page ou article<\/strong> : ce shortcode permet d\u2019afficher uniquement les&nbsp;<strong>jeunes femmes minces blondes aux yeux bleus<\/strong>, avec un bouton \u00ab&nbsp;Afficher Plus&nbsp;\u00bb pour charger davantage de profils en AJAX et exclus un mod\u00e8les. (<a href=\"https:\/\/adultaffiliatetools.com\/xcams\/exemple-shortcode-plugin-wordpress\/\">Voir l&rsquo;exemple<\/a>)<\/p>\n\n\n\n<pre class=\"wp-block-code has-black-background-color has-background\"><code>\n&#091;xcams_profiles age_min=\"18\" age_max=\"25\" sex=\"F\" figure=\"S\" hair=\"blonde\" eyesColor=\"blue\" limit=\"20\" ajax=\"yes\" exclude_accounts=\"c262502\"]\n\n<\/code><\/pre>\n\n\n\n<p><strong>Pour afficher des mod\u00e8les dans un widget de votre Sidebar<\/strong> : il suffit de cr\u00e9er votre ShortCode et ajouter (widget : yes) pour avoir seulement deux mod\u00e8les par ligne et ensuite s\u00e9lectionner le nombre de mod\u00e8les.<\/p>\n\n\n\n<pre class=\"wp-block-code has-black-background-color has-background\"><code>\n&#091;xcams_profiles sex=\"F\" limit=\"4\" sort=\"random\" widget=\"yes\"]\n\n\n<\/code><\/pre>\n\n\n\n<p class=\"has-text-align-center\"><a href=\"https:\/\/adultaffiliatetools.com\/xcams\/xcams-affiliate-tools\/comment-creer-des-shortcodes\/\">Comment cr\u00e9er vos propres ShortCodes ? <\/a><\/p>\n\n\n\n<p><\/p>\n","protected":false},"excerpt":{"rendered":"<p>Le plugin \u00ab\u00a0XCAMS Affiliate Tools\u00a0\u00bb&nbsp;vous permet d&rsquo;int\u00e9grer rapidement des mod\u00e8les webcam sur vos pages, articles et widgets WordPress, avec un affichage optimis\u00e9 pour tous les appareils (desktop, mobile et tablette) avec un simple ShortCode. Avantage du Plugin Filtres de s\u00e9lection&nbsp;: origine (latin, african, european, arab), pays (FR, BE, NL, DE, ES, IT), langue (fr, en, [&hellip;]<\/p>\n","protected":false},"author":1,"featured_media":0,"parent":0,"menu_order":0,"comment_status":"closed","ping_status":"closed","template":"","meta":{"footnotes":""},"class_list":["post-403","page","type-page","status-publish","hentry"],"_links":{"self":[{"href":"https:\/\/adultaffiliatetools.com\/xcams\/wp-json\/wp\/v2\/pages\/403","targetHints":{"allow":["GET"]}}],"collection":[{"href":"https:\/\/adultaffiliatetools.com\/xcams\/wp-json\/wp\/v2\/pages"}],"about":[{"href":"https:\/\/adultaffiliatetools.com\/xcams\/wp-json\/wp\/v2\/types\/page"}],"author":[{"embeddable":true,"href":"https:\/\/adultaffiliatetools.com\/xcams\/wp-json\/wp\/v2\/users\/1"}],"replies":[{"embeddable":true,"href":"https:\/\/adultaffiliatetools.com\/xcams\/wp-json\/wp\/v2\/comments?post=403"}],"version-history":[{"count":83,"href":"https:\/\/adultaffiliatetools.com\/xcams\/wp-json\/wp\/v2\/pages\/403\/revisions"}],"predecessor-version":[{"id":537,"href":"https:\/\/adultaffiliatetools.com\/xcams\/wp-json\/wp\/v2\/pages\/403\/revisions\/537"}],"wp:attachment":[{"href":"https:\/\/adultaffiliatetools.com\/xcams\/wp-json\/wp\/v2\/media?parent=403"}],"curies":[{"name":"wp","href":"https:\/\/api.w.org\/{rel}","templated":true}]}}