{"id":449,"date":"2025-04-28T08:01:54","date_gmt":"2025-04-28T06:01:54","guid":{"rendered":"https:\/\/adultaffiliatetools.com\/xcams\/?page_id=449"},"modified":"2025-04-28T09:44:21","modified_gmt":"2025-04-28T07:44:21","slug":"comment-installer-le-plugin","status":"publish","type":"page","link":"https:\/\/adultaffiliatetools.com\/xcams\/xcams-affiliate-tools\/comment-installer-le-plugin\/","title":{"rendered":"Comment Installer le Plugin sur WordPress"},"content":{"rendered":"\n<p>Apr\u00e8s avoir t\u00e9l\u00e9charg\u00e9 le plugin sur <a class=\"\" href=\"https:\/\/adultaffiliatetools.com\/\">https:\/\/adultaffiliatetools.com<\/a>, il vous suffit de l\u2019ajouter sur votre site WordPress (menu <strong>Extensions &gt; Ajouter &gt; T\u00e9l\u00e9verser une extension<\/strong>) puis de l\u2019activer.<\/p>\n\n\n\n<figure class=\"wp-block-image size-large\"><img loading=\"lazy\" decoding=\"async\" width=\"1024\" height=\"271\" src=\"https:\/\/adultaffiliatetools.com\/xcams\/wp-content\/uploads\/2025\/04\/Capture-decran-2025-04-27-a-13.13.58-e1745820071522-1024x271.png\" alt=\"\" class=\"wp-image-397\" srcset=\"https:\/\/adultaffiliatetools.com\/xcams\/wp-content\/uploads\/2025\/04\/Capture-decran-2025-04-27-a-13.13.58-e1745820071522-1024x271.png 1024w, https:\/\/adultaffiliatetools.com\/xcams\/wp-content\/uploads\/2025\/04\/Capture-decran-2025-04-27-a-13.13.58-e1745820071522-300x79.png 300w, https:\/\/adultaffiliatetools.com\/xcams\/wp-content\/uploads\/2025\/04\/Capture-decran-2025-04-27-a-13.13.58-e1745820071522-768x203.png 768w, https:\/\/adultaffiliatetools.com\/xcams\/wp-content\/uploads\/2025\/04\/Capture-decran-2025-04-27-a-13.13.58-e1745820071522-1536x407.png 1536w, https:\/\/adultaffiliatetools.com\/xcams\/wp-content\/uploads\/2025\/04\/Capture-decran-2025-04-27-a-13.13.58-e1745820071522-2048x542.png 2048w\" sizes=\"auto, (max-width: 1024px) 100vw, 1024px\" \/><\/figure>\n\n\n\n<figure class=\"wp-block-image size-large\"><img loading=\"lazy\" decoding=\"async\" width=\"1024\" height=\"215\" src=\"https:\/\/adultaffiliatetools.com\/xcams\/wp-content\/uploads\/2025\/04\/Capture-decran-2025-04-27-a-13.14.07-e1745820444522-1024x215.png\" alt=\"\" class=\"wp-image-398\" srcset=\"https:\/\/adultaffiliatetools.com\/xcams\/wp-content\/uploads\/2025\/04\/Capture-decran-2025-04-27-a-13.14.07-e1745820444522-1024x215.png 1024w, https:\/\/adultaffiliatetools.com\/xcams\/wp-content\/uploads\/2025\/04\/Capture-decran-2025-04-27-a-13.14.07-e1745820444522-300x63.png 300w, https:\/\/adultaffiliatetools.com\/xcams\/wp-content\/uploads\/2025\/04\/Capture-decran-2025-04-27-a-13.14.07-e1745820444522-768x161.png 768w, https:\/\/adultaffiliatetools.com\/xcams\/wp-content\/uploads\/2025\/04\/Capture-decran-2025-04-27-a-13.14.07-e1745820444522-1536x323.png 1536w, https:\/\/adultaffiliatetools.com\/xcams\/wp-content\/uploads\/2025\/04\/Capture-decran-2025-04-27-a-13.14.07-e1745820444522-2048x430.png 2048w\" sizes=\"auto, (max-width: 1024px) 100vw, 1024px\" \/><\/figure>\n\n\n\n<p>Une fois activ\u00e9, entrez simplement votre <strong>ID Xcams-Power<\/strong>, votre <strong>tracker<\/strong>, et s\u00e9lectionnez le <strong>pays<\/strong> que vous souhaitez cibler pour vos pages de chat.<\/p>\n\n\n\n<figure class=\"wp-block-image size-large\"><img loading=\"lazy\" decoding=\"async\" width=\"1024\" height=\"288\" src=\"https:\/\/adultaffiliatetools.com\/xcams\/wp-content\/uploads\/2025\/04\/Capture-decran-2025-04-27-a-13.14.31-e1745820656610-1024x288.png\" alt=\"\" class=\"wp-image-399\" srcset=\"https:\/\/adultaffiliatetools.com\/xcams\/wp-content\/uploads\/2025\/04\/Capture-decran-2025-04-27-a-13.14.31-e1745820656610-1024x288.png 1024w, https:\/\/adultaffiliatetools.com\/xcams\/wp-content\/uploads\/2025\/04\/Capture-decran-2025-04-27-a-13.14.31-e1745820656610-300x85.png 300w, https:\/\/adultaffiliatetools.com\/xcams\/wp-content\/uploads\/2025\/04\/Capture-decran-2025-04-27-a-13.14.31-e1745820656610-768x216.png 768w, https:\/\/adultaffiliatetools.com\/xcams\/wp-content\/uploads\/2025\/04\/Capture-decran-2025-04-27-a-13.14.31-e1745820656610-1536x433.png 1536w, https:\/\/adultaffiliatetools.com\/xcams\/wp-content\/uploads\/2025\/04\/Capture-decran-2025-04-27-a-13.14.31-e1745820656610-2048x577.png 2048w\" sizes=\"auto, (max-width: 1024px) 100vw, 1024px\" \/><\/figure>\n\n\n\n<p><strong>Langue du chat<\/strong> : Cette option vous permet de cr\u00e9er facilement des sites cibl\u00e9s \u00e0 l&rsquo;international en s\u00e9lectionnant la langue souhait\u00e9e (fran\u00e7ais, anglais, espagnol, allemand, etc.), pour toucher un public sp\u00e9cifique et optimiser vos conversions.<\/p>\n\n\n\n<figure class=\"wp-block-image size-large\"><img loading=\"lazy\" decoding=\"async\" width=\"1024\" height=\"595\" src=\"https:\/\/adultaffiliatetools.com\/xcams\/wp-content\/uploads\/2025\/04\/Capture-decran-2025-04-27-a-13.14.38-1024x595.png\" alt=\"\" class=\"wp-image-400\" srcset=\"https:\/\/adultaffiliatetools.com\/xcams\/wp-content\/uploads\/2025\/04\/Capture-decran-2025-04-27-a-13.14.38-1024x595.png 1024w, https:\/\/adultaffiliatetools.com\/xcams\/wp-content\/uploads\/2025\/04\/Capture-decran-2025-04-27-a-13.14.38-300x174.png 300w, https:\/\/adultaffiliatetools.com\/xcams\/wp-content\/uploads\/2025\/04\/Capture-decran-2025-04-27-a-13.14.38-768x446.png 768w, https:\/\/adultaffiliatetools.com\/xcams\/wp-content\/uploads\/2025\/04\/Capture-decran-2025-04-27-a-13.14.38-1536x892.png 1536w, https:\/\/adultaffiliatetools.com\/xcams\/wp-content\/uploads\/2025\/04\/Capture-decran-2025-04-27-a-13.14.38-2048x1189.png 2048w\" sizes=\"auto, (max-width: 1024px) 100vw, 1024px\" \/><\/figure>\n\n\n\n<p>Ensuite, \u00e0 vous de jouer : cr\u00e9ez vos <strong><a href=\"https:\/\/adultaffiliatetools.com\/xcams\/xcams-affiliate-tools\/comment-creer-des-shortcodes\/\" data-type=\"page\" data-id=\"473\">ShortCodes sur-mesure<\/a><\/strong> et construisez des pages ultra cibl\u00e9es pr\u00eates \u00e0 capter un maximum de trafic ! Avec quelques clics, vous mettez en place une machine de guerre pour conqu\u00e9rir votre audience internationale et booster vos conversions.<\/p>\n\n\n\n<p><\/p>\n","protected":false},"excerpt":{"rendered":"<p>Apr\u00e8s avoir t\u00e9l\u00e9charg\u00e9 le plugin sur https:\/\/adultaffiliatetools.com, il vous suffit de l\u2019ajouter sur votre site WordPress (menu Extensions &gt; Ajouter &gt; T\u00e9l\u00e9verser une extension) puis de l\u2019activer. Une fois activ\u00e9, entrez simplement votre ID Xcams-Power, votre tracker, et s\u00e9lectionnez le pays que vous souhaitez cibler pour vos pages de chat. Langue du chat : Cette [&hellip;]<\/p>\n","protected":false},"author":1,"featured_media":0,"parent":403,"menu_order":0,"comment_status":"closed","ping_status":"closed","template":"","meta":{"footnotes":""},"class_list":["post-449","page","type-page","status-publish","hentry"],"_links":{"self":[{"href":"https:\/\/adultaffiliatetools.com\/xcams\/wp-json\/wp\/v2\/pages\/449","targetHints":{"allow":["GET"]}}],"collection":[{"href":"https:\/\/adultaffiliatetools.com\/xcams\/wp-json\/wp\/v2\/pages"}],"about":[{"href":"https:\/\/adultaffiliatetools.com\/xcams\/wp-json\/wp\/v2\/types\/page"}],"author":[{"embeddable":true,"href":"https:\/\/adultaffiliatetools.com\/xcams\/wp-json\/wp\/v2\/users\/1"}],"replies":[{"embeddable":true,"href":"https:\/\/adultaffiliatetools.com\/xcams\/wp-json\/wp\/v2\/comments?post=449"}],"version-history":[{"count":9,"href":"https:\/\/adultaffiliatetools.com\/xcams\/wp-json\/wp\/v2\/pages\/449\/revisions"}],"predecessor-version":[{"id":490,"href":"https:\/\/adultaffiliatetools.com\/xcams\/wp-json\/wp\/v2\/pages\/449\/revisions\/490"}],"up":[{"embeddable":true,"href":"https:\/\/adultaffiliatetools.com\/xcams\/wp-json\/wp\/v2\/pages\/403"}],"wp:attachment":[{"href":"https:\/\/adultaffiliatetools.com\/xcams\/wp-json\/wp\/v2\/media?parent=449"}],"curies":[{"name":"wp","href":"https:\/\/api.w.org\/{rel}","templated":true}]}}