{"id":473,"date":"2025-04-28T09:03:40","date_gmt":"2025-04-28T07:03:40","guid":{"rendered":"https:\/\/adultaffiliatetools.com\/xcams\/?page_id=473"},"modified":"2025-05-05T16:53:36","modified_gmt":"2025-05-05T14:53:36","slug":"comment-creer-des-shortcodes","status":"publish","type":"page","link":"https:\/\/adultaffiliatetools.com\/xcams\/xcams-affiliate-tools\/comment-creer-des-shortcodes\/","title":{"rendered":"Comment cr\u00e9er des ShortCodes"},"content":{"rendered":"\n<p>Cr\u00e9er vos ShortCodes est simple et rapide gr\u00e2ce aux nombreux param\u00e8tres disponibles. Voici la liste compl\u00e8te des options que vous pouvez utiliser pour personnaliser l\u2019affichage selon vos besoins.<\/p>\n\n\n\n<pre class=\"wp-block-code has-black-background-color has-background\"><code>\nExemple shortcode : quatre femmes fran\u00e7aises connect\u00e9es sur le live en random.\n\n&#091;xcams_profiles sex=\"F\" sort=\"random\" limit=\"4\" country=\"FR\"]\n\n<\/code><\/pre>\n\n\n<style>\n\/* Grille normale pour pages\/articles *\/\n.xat-grid {\n  display: grid;\n  grid-template-columns: repeat(auto-fill, minmax(160px, 1fr));\n  gap: 16px;\n  padding: 10px;\n  margin: 0 auto;\n}\n\n\/* Grille sp\u00e9ciale pour widget *\/\n.xat-grid-widget {\n  display: grid;\n  grid-template-columns: repeat(2, 1fr);\n  gap: 10px;\n  padding: 5px;\n  margin: 0 auto;\n}\n\n\/* Responsive mobile *\/\n@media screen and (max-width: 600px) {\n  .xat-grid,\n  .xat-grid-widget {\n    grid-template-columns: repeat(2, 1fr);\n  }\n}\n\n.xat-card { overflow: hidden; text-align: center; }\n.xat-card img { width: 100%; height: auto; display: block; }\n.xat-name { text-align: center; padding: 5px 0; }\n<\/style><div class='xat-grid'><div class='xat-card'>\n    <a href='https:\/\/www.xcams.com\/fr\/chat\/coquinesex\/?comfrom=623236&cf0=pc2&cfsa1=O180&cf2=Plugin_WP&cfsa2=AdultAffiliateTools' target='_blank'>\n    <img src='https:\/\/cams.images-dnxlive.com\/snapshots\/c251638_webcam_640x480.jpg' alt='coquinesex' style='border-radius: 6px;'>\n    <\/a>\n    <div class='xat-name'><a href='https:\/\/www.xcams.com\/fr\/chat\/coquinesex\/?comfrom=623236&cf0=pc2&cfsa1=O180&cf2=Plugin_WP&cfsa2=AdultAffiliateTools' target='_blank'>coquinesex<\/a><\/div>\n    <\/div><div class='xat-card'>\n    <a href='https:\/\/www.xcams.com\/fr\/chat\/SoumiseElia\/?comfrom=623236&cf0=pc2&cfsa1=O180&cf2=Plugin_WP&cfsa2=AdultAffiliateTools' target='_blank'>\n    <img src='https:\/\/cams.images-dnxlive.com\/snapshots\/c135350_webcam_640x480.jpg' alt='SoumiseElia' style='border-radius: 6px;'>\n    <\/a>\n    <div class='xat-name'><a href='https:\/\/www.xcams.com\/fr\/chat\/SoumiseElia\/?comfrom=623236&cf0=pc2&cfsa1=O180&cf2=Plugin_WP&cfsa2=AdultAffiliateTools' target='_blank'>SoumiseElia<\/a><\/div>\n    <\/div><div class='xat-card'>\n    <a href='https:\/\/www.xcams.com\/fr\/chat\/Lova\/?comfrom=623236&cf0=pc2&cfsa1=O180&cf2=Plugin_WP&cfsa2=AdultAffiliateTools' target='_blank'>\n    <img src='https:\/\/cams.images-dnxlive.com\/snapshots\/c32353_webcam_640x480.jpg' alt='Lova' style='border-radius: 6px;'>\n    <\/a>\n    <div class='xat-name'><a href='https:\/\/www.xcams.com\/fr\/chat\/Lova\/?comfrom=623236&cf0=pc2&cfsa1=O180&cf2=Plugin_WP&cfsa2=AdultAffiliateTools' target='_blank'>Lova<\/a><\/div>\n    <\/div><div class='xat-card'>\n    <a href='https:\/\/www.xcams.com\/fr\/chat\/frenchiesexy\/?comfrom=623236&cf0=pc2&cfsa1=O180&cf2=Plugin_WP&cfsa2=AdultAffiliateTools' target='_blank'>\n    <img src='https:\/\/cams.images-dnxlive.com\/snapshots\/c13340_webcam_640x480.jpg' alt='frenchiesexy' style='border-radius: 6px;'>\n    <\/a>\n    <div class='xat-name'><a href='https:\/\/www.xcams.com\/fr\/chat\/frenchiesexy\/?comfrom=623236&cf0=pc2&cfsa1=O180&cf2=Plugin_WP&cfsa2=AdultAffiliateTools' target='_blank'>frenchiesexy<\/a><\/div>\n    <\/div><\/div>\n<hr>\n\n\n\n<h2 class=\"wp-block-heading has-medium-font-size\">Param\u00e8tres de s\u00e9lection disponibles<\/h2>\n\n\n\n<p><strong>origin<\/strong><br>Permet de cibler une origine sp\u00e9cifique :<br><code>latin<\/code>, <code>african<\/code>, <code>european<\/code>, <code>arab<\/code><\/p>\n\n\n\n<p><strong>country<\/strong><br>Permet de cibler un pays :<br><code>FR<\/code> (France), <code>BE<\/code> (Belgique), <code>NL<\/code> (Pays-Bas), <code>DE<\/code> (Allemagne), <code>ES<\/code> (Espagne), <code>IT<\/code> (Italie)<\/p>\n\n\n\n<p><strong>language<\/strong><br>Permet de cibler une langue :<br><code>fr<\/code>, <code>en<\/code>, <code>nl<\/code>, <code>de<\/code>, <code>es<\/code>, <code>it<\/code><\/p>\n\n\n\n<p><strong>sex<\/strong><br>Permet de filtrer selon le sexe :<br><code>F<\/code> (Femmes), <code>M<\/code> (Hommes), <code>S<\/code> (Transexuelles), <code>P<\/code> (Couples)<\/p>\n\n\n\n<p><strong>hair<\/strong><br>Couleur de cheveux :<br><code>black<\/code>, <code>blonde<\/code>, <code>brunette<\/code>, <code>red<\/code><\/p>\n\n\n\n<p><strong>eyesColor<\/strong><br>Couleur des yeux :<br><code>blue<\/code>, <code>brown<\/code>, <code>green<\/code><\/p>\n\n\n\n<p><strong>cup<\/strong><br>Taille de bonnet :<br><code>A<\/code>, <code>B<\/code>, <code>C<\/code>, <code>D<\/code>, <code>E<\/code>, <code>F<\/code><\/p>\n\n\n\n<p><strong>tattoo<\/strong><br>Pr\u00e9sence de tatouages :<br><code>Y<\/code> (Oui), <code>N<\/code> (Non)<\/p>\n\n\n\n<p><strong>piercing<\/strong><br>Pr\u00e9sence de piercings :<br><code>Y<\/code> (Oui), <code>N<\/code> (Non)<\/p>\n\n\n\n<p><strong>figure<\/strong><br>Morphologie :<br><code>S<\/code>, <code>M<\/code>, <code>L<\/code>, <code>XL<\/code><\/p>\n\n\n\n<p><strong>pubes<\/strong><br>\u00c9tat de la pilosit\u00e9 intime :<br><code>SHAVED<\/code>, <code>HAIRY<\/code>, <code>TRIMMED<\/code><\/p>\n\n\n\n<p><strong>new<\/strong><br>Nouveaux mod\u00e8les :<br><code>Y<\/code> (Oui), <code>N<\/code> (Non)<\/p>\n\n\n\n<p><strong>fetish<\/strong><br>Mod\u00e8les f\u00e9tichistes :<br><code>Y<\/code> (Oui), <code>N<\/code> (Non)<\/p>\n\n\n\n<p><strong>sign<\/strong><br>Signe astrologique :<br><code>scorpio<\/code>, <code>pisces<\/code>, <code>taurus<\/code>, <code>virgo<\/code>, <code>libra<\/code>, <code>cancer<\/code>, <code>capricornus<\/code>, <code>aquarius<\/code>, <code>aries<\/code>, <code>leo<\/code>, <code>gemini<\/code>, <code>sagittarius<\/code><\/p>\n\n\n\n<p><strong>age_min<\/strong> et <strong>age_max<\/strong><br>Pour d\u00e9finir une tranche d&rsquo;\u00e2ge minimale et maximale.<\/p>\n\n\n\n<p><strong>chatType<\/strong><br>Type de chat propos\u00e9 :<br><code>FREE<\/code>, <code>O2M<\/code> (One to Many), <code>O2O<\/code> (One to One)<\/p>\n\n\n\n<p><strong>status<\/strong><br>Par d\u00e9faut, seuls les mod\u00e8les <strong>ONLINE<\/strong> sont affich\u00e9s.<br>Vous pouvez aussi forcer l\u2019affichage <code>ONLINE<\/code> ou <code>OFFLINE<\/code>.<\/p>\n\n\n\n<hr class=\"wp-block-separator has-alpha-channel-opacity\"\/>\n\n\n\n<h2 class=\"wp-block-heading\">Mettre en avant ou exclure un mod\u00e8le<\/h2>\n\n\n\n<p><strong>accounts<\/strong><br>Permet de <strong>mettre en avant<\/strong> un ou plusieurs mod\u00e8les sp\u00e9cifiques.<br>Exemple :<br><code>accounts=\"c118179-c122273\"<\/code><\/p>\n\n\n\n<p><strong>exclude_accounts<\/strong><br>Permet <strong>d\u2019exclure<\/strong> un ou plusieurs mod\u00e8les.<br>Exemple :<br><code>exclude_accounts=\"c118179-c122273\"<\/code><\/p>\n\n\n\n<hr class=\"wp-block-separator has-alpha-channel-opacity\"\/>\n\n\n\n<h2 class=\"wp-block-heading\">Options suppl\u00e9mentaires<\/h2>\n\n\n\n<p><strong>limit<\/strong><br>Nombre de mod\u00e8les affich\u00e9s (par d\u00e9faut : 12).<br>Exemple :<br><code>limit=\"20\"<\/code><\/p>\n\n\n\n<p><strong>ajax<\/strong><br>Permet d\u2019activer un bouton \u00ab\u00a0Afficher plus\u00a0\u00bb pour charger d\u2019autres mod\u00e8les sans recharger la page.<br>Exemple :<br><code>ajax=\"yes\"<\/code><\/p>\n\n\n\n<p><strong>image_ratio<\/strong><br>Permet de modifier la taille et le format des miniatures :<\/p>\n\n\n\n<ul class=\"wp-block-list\">\n<li>(16:9) : <code>1280x720<\/code>, <code>640x360<\/code>, <code>320x180<\/code><\/li>\n\n\n\n<li>(4:3) : <code>800x600<\/code>, <code>640x480<\/code>, <code>200x150<\/code><\/li>\n<\/ul>\n\n\n\n<p><strong>sort<\/strong><br>Pour afficher les mod\u00e8les en <strong>ordre al\u00e9atoire<\/strong>.<br>Exemple :<br><code>sort=\"random\"<\/code><\/p>\n\n\n\n<p><strong>widget<\/strong><br>Permet d\u2019afficher les mod\u00e8les dans votre <strong>sidebar<\/strong> sous forme de widget.<br>Exemple :<br><code>widget=\"yes\"<\/code><\/p>\n\n\n\n<p><strong>rounded<\/strong><br>Active ou d\u00e9sactive les coins arrondis sur les images (par d\u00e9faut : oui).<br>Exemples :<br><code>rounded=\"yes\"<\/code> ou <code>rounded=\"no\"<\/code><\/p>\n","protected":false},"excerpt":{"rendered":"<p>Cr\u00e9er vos ShortCodes est simple et rapide gr\u00e2ce aux nombreux param\u00e8tres disponibles. Voici la liste compl\u00e8te des options que vous pouvez utiliser pour personnaliser l\u2019affichage selon vos besoins. Param\u00e8tres de s\u00e9lection disponibles originPermet de cibler une origine sp\u00e9cifique :latin, african, european, arab countryPermet de cibler un pays :FR (France), BE (Belgique), NL (Pays-Bas), DE (Allemagne), [&hellip;]<\/p>\n","protected":false},"author":1,"featured_media":0,"parent":403,"menu_order":0,"comment_status":"closed","ping_status":"closed","template":"","meta":{"footnotes":""},"class_list":["post-473","page","type-page","status-publish","hentry"],"_links":{"self":[{"href":"https:\/\/adultaffiliatetools.com\/xcams\/wp-json\/wp\/v2\/pages\/473","targetHints":{"allow":["GET"]}}],"collection":[{"href":"https:\/\/adultaffiliatetools.com\/xcams\/wp-json\/wp\/v2\/pages"}],"about":[{"href":"https:\/\/adultaffiliatetools.com\/xcams\/wp-json\/wp\/v2\/types\/page"}],"author":[{"embeddable":true,"href":"https:\/\/adultaffiliatetools.com\/xcams\/wp-json\/wp\/v2\/users\/1"}],"replies":[{"embeddable":true,"href":"https:\/\/adultaffiliatetools.com\/xcams\/wp-json\/wp\/v2\/comments?post=473"}],"version-history":[{"count":13,"href":"https:\/\/adultaffiliatetools.com\/xcams\/wp-json\/wp\/v2\/pages\/473\/revisions"}],"predecessor-version":[{"id":532,"href":"https:\/\/adultaffiliatetools.com\/xcams\/wp-json\/wp\/v2\/pages\/473\/revisions\/532"}],"up":[{"embeddable":true,"href":"https:\/\/adultaffiliatetools.com\/xcams\/wp-json\/wp\/v2\/pages\/403"}],"wp:attachment":[{"href":"https:\/\/adultaffiliatetools.com\/xcams\/wp-json\/wp\/v2\/media?parent=473"}],"curies":[{"name":"wp","href":"https:\/\/api.w.org\/{rel}","templated":true}]}}